{"id":96,"date":"2025-07-21T17:29:32","date_gmt":"2025-07-21T17:29:32","guid":{"rendered":"https:\/\/mochastudio.fr\/?page_id=96"},"modified":"2026-01-21T20:09:32","modified_gmt":"2026-01-21T20:09:32","slug":"prestations","status":"publish","type":"page","link":"https:\/\/mochastudio.fr\/?page_id=96","title":{"rendered":"Prestations"},"content":{"rendered":"\t\t<div data-elementor-type=\"wp-page\" data-elementor-id=\"96\" class=\"elementor elementor-96\">\n\t\t\t\t<div class=\"elementor-element elementor-element-3b331c7 e-con-full e-flex e-con e-parent\" data-id=\"3b331c7\" data-element_type=\"container\" data-e-type=\"container\" data-settings=\"{&quot;background_background&quot;:&quot;classic&quot;}\">\n\t\t<div class=\"elementor-element elementor-element-bde170b e-con-full e-flex e-con e-child\" data-id=\"bde170b\" data-element_type=\"container\" data-e-type=\"container\">\n\t\t<div class=\"elementor-element elementor-element-8976b55 e-con-full e-flex e-con e-child\" data-id=\"8976b55\" data-element_type=\"container\" data-e-type=\"container\">\n\t\t\t\t<div class=\"elementor-element elementor-element-83a4228 elementor-widget-mobile__width-auto elementor-widget elementor-widget-heading\" data-id=\"83a4228\" data-element_type=\"widget\" data-e-type=\"widget\" data-widget_type=\"heading.default\">\n\t\t\t\t\t<h2 class=\"elementor-heading-title elementor-size-default\">Identit\u00e9 visuelle<\/h2>\t\t\t\t<\/div>\n\t\t\t\t<\/div>\n\t\t\t\t<div class=\"elementor-element elementor-element-d682d1b elementor-widget-mobile__width-auto elementor-widget-tablet__width-auto elementor-widget elementor-widget-text-editor\" data-id=\"d682d1b\" data-element_type=\"widget\" data-e-type=\"widget\" data-widget_type=\"text-editor.default\">\n\t\t\t\t\t\t\t\t\t<p>L&rsquo;identit\u00e9 visuelle est le socle de toute marque.<\/p><p>Elle permet de communiquer clairement votre positionnement, de cr\u00e9er de la coh\u00e9rence et d&rsquo;instaurer la confiance d\u00e8s le premier contact. Elle peut aussi permettre de cibler une audience bien pr\u00e9cise.<\/p><p>Je vous accompagne dans la cr\u00e9ation d&rsquo;un univers sur mesure, pens\u00e9 pour refl\u00e9ter vos valeurs, parler \u00e0 votre audience et vous diff\u00e9rencier durablement. De la direction artistique aux \u00e9l\u00e9ments graphiques cl\u00e9s, chaque choix est guid\u00e9 par une r\u00e9flexion et une ex\u00e9cution soign\u00e9e.<\/p><p>Pour une identit\u00e9 lisible, coh\u00e9rente et align\u00e9e avec vos objectifs, capable d&rsquo;\u00e9voluer avec votre marque et de s&rsquo;adapter \u00e0 tous vos supports de communication, c&rsquo;est par <a href=\"https:\/\/mochastudio.fr\/?page_id=24\"><span style=\"text-decoration: underline;\"><strong>ici<\/strong><\/span><\/a>.<\/p>\t\t\t\t\t\t\t\t<\/div>\n\t\t\t\t<\/div>\n\t\t<div class=\"elementor-element elementor-element-d04905c e-con-full e-flex e-con e-child\" data-id=\"d04905c\" data-element_type=\"container\" data-e-type=\"container\" data-settings=\"{&quot;background_background&quot;:&quot;classic&quot;}\">\n\t\t\t\t<div class=\"elementor-element elementor-element-37877b8 elementor-widget elementor-widget-image\" data-id=\"37877b8\" data-element_type=\"widget\" data-e-type=\"widget\" data-widget_type=\"image.default\">\n\t\t\t\t\t\t\t\t\t\t\t\t\t\t\t<img fetchpriority=\"high\" decoding=\"async\" width=\"1024\" height=\"683\" src=\"https:\/\/mochastudio.fr\/wp-content\/uploads\/2026\/01\/Mocha-Studio-effect-2-1024x683.jpg\" class=\"attachment-large size-large wp-image-2456\" alt=\"\" srcset=\"https:\/\/mochastudio.fr\/wp-content\/uploads\/2026\/01\/Mocha-Studio-effect-2-1024x683.jpg 1024w, https:\/\/mochastudio.fr\/wp-content\/uploads\/2026\/01\/Mocha-Studio-effect-2-300x200.jpg 300w, https:\/\/mochastudio.fr\/wp-content\/uploads\/2026\/01\/Mocha-Studio-effect-2-768x512.jpg 768w, https:\/\/mochastudio.fr\/wp-content\/uploads\/2026\/01\/Mocha-Studio-effect-2-1536x1024.jpg 1536w, https:\/\/mochastudio.fr\/wp-content\/uploads\/2026\/01\/Mocha-Studio-effect-2-2048x1365.jpg 2048w\" sizes=\"(max-width: 1024px) 100vw, 1024px\" \/>\t\t\t\t\t\t\t\t\t\t\t\t\t\t\t<\/div>\n\t\t\t\t<\/div>\n\t\t\t\t<\/div>\n\t\t<div class=\"elementor-element elementor-element-fc176cc e-con-full e-flex e-con e-parent\" data-id=\"fc176cc\" data-element_type=\"container\" data-e-type=\"container\" data-settings=\"{&quot;background_background&quot;:&quot;classic&quot;}\">\n\t\t<div class=\"elementor-element elementor-element-17abe24 e-con-full e-flex e-con e-child\" data-id=\"17abe24\" data-element_type=\"container\" data-e-type=\"container\" data-settings=\"{&quot;background_background&quot;:&quot;classic&quot;}\">\n\t\t\t\t<div class=\"elementor-element elementor-element-6384d40 elementor-widget elementor-widget-image\" data-id=\"6384d40\" data-element_type=\"widget\" data-e-type=\"widget\" data-widget_type=\"image.default\">\n\t\t\t\t\t\t\t\t\t\t\t\t\t\t\t<img decoding=\"async\" width=\"1024\" height=\"683\" src=\"https:\/\/mochastudio.fr\/wp-content\/uploads\/2026\/01\/Site-Mocha-Studio-2-1024x683.jpg\" class=\"attachment-large size-large wp-image-2758\" alt=\"\" srcset=\"https:\/\/mochastudio.fr\/wp-content\/uploads\/2026\/01\/Site-Mocha-Studio-2-1024x683.jpg 1024w, https:\/\/mochastudio.fr\/wp-content\/uploads\/2026\/01\/Site-Mocha-Studio-2-300x200.jpg 300w, https:\/\/mochastudio.fr\/wp-content\/uploads\/2026\/01\/Site-Mocha-Studio-2-768x512.jpg 768w, https:\/\/mochastudio.fr\/wp-content\/uploads\/2026\/01\/Site-Mocha-Studio-2-1536x1024.jpg 1536w, https:\/\/mochastudio.fr\/wp-content\/uploads\/2026\/01\/Site-Mocha-Studio-2-2048x1365.jpg 2048w\" sizes=\"(max-width: 1024px) 100vw, 1024px\" \/>\t\t\t\t\t\t\t\t\t\t\t\t\t\t\t<\/div>\n\t\t\t\t<\/div>\n\t\t<div class=\"elementor-element elementor-element-95cb9f7 e-con-full e-flex e-con e-child\" data-id=\"95cb9f7\" data-element_type=\"container\" data-e-type=\"container\">\n\t\t<div class=\"elementor-element elementor-element-fb7175c e-con-full e-flex e-con e-child\" data-id=\"fb7175c\" data-element_type=\"container\" data-e-type=\"container\">\n\t\t\t\t<div class=\"elementor-element elementor-element-a2b6c9e elementor-widget elementor-widget-heading\" data-id=\"a2b6c9e\" data-element_type=\"widget\" data-e-type=\"widget\" data-widget_type=\"heading.default\">\n\t\t\t\t\t<h2 class=\"elementor-heading-title elementor-size-default\">Webdesign<\/h2>\t\t\t\t<\/div>\n\t\t\t\t<\/div>\n\t\t\t\t<div class=\"elementor-element elementor-element-9068703 elementor-widget elementor-widget-text-editor\" data-id=\"9068703\" data-element_type=\"widget\" data-e-type=\"widget\" data-widget_type=\"text-editor.default\">\n\t\t\t\t\t\t\t\t\t<p>Un site web est bien plus qu&rsquo;une vitrine : c&rsquo;est un outil strat\u00e9gique au service de votre marque et de vos objectifs.<\/p><p>Je con\u00e7ois des interfaces web claires, esth\u00e9tiques et fonctionnelles, en accord avec votre identit\u00e9 visuelle et les attentes de vos utilisateurs. Chaque projet est pens\u00e9 pour offrir une navigation intuitive, une hi\u00e9rarchie de contenu efficace et une exp\u00e9rience coh\u00e9rente sur tous les \u00e9crans.<\/p><p>Du design des pages \u00e0 l&rsquo;optimisation de l&rsquo;exp\u00e9rience utilisateur, je cr\u00e9e des sites qui renforcent votre image, facilitent la compr\u00e9hension de votre offre et encouragent l&rsquo;action.<\/p><p>Pour un site web performant et \u00e9volutif, con\u00e7u pour accompagner la croissance de votre activit\u00e9, c&rsquo;est par <span style=\"text-decoration: underline;\"><a href=\"https:\/\/mochastudio.fr\/?page_id=24\"><strong>l\u00e0<\/strong><\/a><\/span>.<\/p>\t\t\t\t\t\t\t\t<\/div>\n\t\t\t\t<\/div>\n\t\t\t\t<\/div>\n\t\t<div class=\"elementor-element elementor-element-d885d3c e-con-full e-flex e-con e-parent\" data-id=\"d885d3c\" data-element_type=\"container\" data-e-type=\"container\" data-settings=\"{&quot;background_background&quot;:&quot;classic&quot;}\">\n\t\t<div class=\"elementor-element elementor-element-c57fc28 e-con-full e-flex e-con e-child\" data-id=\"c57fc28\" data-element_type=\"container\" data-e-type=\"container\">\n\t\t<div class=\"elementor-element elementor-element-9186f61 e-con-full e-flex e-con e-child\" data-id=\"9186f61\" data-element_type=\"container\" data-e-type=\"container\">\n\t\t\t\t<div class=\"elementor-element elementor-element-8a03502 elementor-widget-mobile__width-auto elementor-widget elementor-widget-heading\" data-id=\"8a03502\" data-element_type=\"widget\" data-e-type=\"widget\" data-widget_type=\"heading.default\">\n\t\t\t\t\t<h2 class=\"elementor-heading-title elementor-size-default\">Communication<\/h2>\t\t\t\t<\/div>\n\t\t\t\t<\/div>\n\t\t\t\t<div class=\"elementor-element elementor-element-e85725e elementor-widget-mobile__width-auto elementor-widget-tablet__width-auto elementor-widget elementor-widget-text-editor\" data-id=\"e85725e\" data-element_type=\"widget\" data-e-type=\"widget\" data-widget_type=\"text-editor.default\">\n\t\t\t\t\t\t\t\t\t<p>Les supports de communication sont le prolongement visible de votre marque.<\/p><p>Ils permettent de diffuser vos messages, de renforcer votre image et d&rsquo;assurer une coh\u00e9rence sur l&rsquo;ensemble de vos points de contact.<\/p><p>Je cr\u00e9e des supports de communication sur mesure, pens\u00e9s pour s&rsquo;inscrire naturellement dans votre identit\u00e9 visuelle et soutenir vos objectifs. Chaque support est r\u00e9fl\u00e9chi \u00e0 la fois sur le fond et la forme : clart\u00e9 du message, hi\u00e9rarchie de l&rsquo;information, lisibilit\u00e9 et coh\u00e9rence graphique.<\/p><p>Qu&rsquo;ils soient destin\u00e9s \u00e0 l&rsquo;impression ou au digital, les supports sont con\u00e7us pour valoriser votre marque, faciliter la compr\u00e9hension de votre offre et renforcer votre visibilit\u00e9.<\/p><p>Pour des supports clairs, coh\u00e9rents et impactants, qui accompagnent durablement votre communication et s&rsquo;int\u00e8grent parfaitement \u00e0 votre \u00e9cosyst\u00e8me de marque, vous pouvez me <a href=\"https:\/\/mochastudio.fr\/?page_id=24\"><span style=\"text-decoration: underline;\"><strong>contacter<\/strong><\/span><\/a>.<\/p>\t\t\t\t\t\t\t\t<\/div>\n\t\t\t\t<\/div>\n\t\t<div class=\"elementor-element elementor-element-969b3f7 e-con-full e-flex e-con e-child\" data-id=\"969b3f7\" data-element_type=\"container\" data-e-type=\"container\" data-settings=\"{&quot;background_background&quot;:&quot;classic&quot;}\">\n\t\t\t\t<div class=\"elementor-element elementor-element-98f7f54 elementor-widget elementor-widget-image\" data-id=\"98f7f54\" data-element_type=\"widget\" data-e-type=\"widget\" data-widget_type=\"image.default\">\n\t\t\t\t\t\t\t\t\t\t\t\t\t\t\t<img decoding=\"async\" width=\"1024\" height=\"683\" src=\"https:\/\/mochastudio.fr\/wp-content\/uploads\/2026\/01\/Free_Business_Card_Mockup_2-1024x683.jpg\" class=\"attachment-large size-large wp-image-2427\" alt=\"\" srcset=\"https:\/\/mochastudio.fr\/wp-content\/uploads\/2026\/01\/Free_Business_Card_Mockup_2-1024x683.jpg 1024w, https:\/\/mochastudio.fr\/wp-content\/uploads\/2026\/01\/Free_Business_Card_Mockup_2-300x200.jpg 300w, https:\/\/mochastudio.fr\/wp-content\/uploads\/2026\/01\/Free_Business_Card_Mockup_2-768x512.jpg 768w, https:\/\/mochastudio.fr\/wp-content\/uploads\/2026\/01\/Free_Business_Card_Mockup_2-1536x1024.jpg 1536w, https:\/\/mochastudio.fr\/wp-content\/uploads\/2026\/01\/Free_Business_Card_Mockup_2-2048x1366.jpg 2048w\" sizes=\"(max-width: 1024px) 100vw, 1024px\" \/>\t\t\t\t\t\t\t\t\t\t\t\t\t\t\t<\/div>\n\t\t\t\t<\/div>\n\t\t\t\t<\/div>\n\t\t\t\t<\/div>\n\t\t","protected":false},"excerpt":{"rendered":"<p>Identit\u00e9 visuelle L&rsquo;identit\u00e9 visuelle est le socle de toute marque. Elle permet de communiquer clairement votre positionnement, de cr\u00e9er de [&hellip;]<\/p>\n","protected":false},"author":1,"featured_media":0,"parent":0,"menu_order":0,"comment_status":"closed","ping_status":"closed","template":"","meta":{"site-sidebar-layout":"no-sidebar","site-content-layout":"","ast-site-content-layout":"full-width-container","site-content-style":"default","site-sidebar-style":"default","ast-global-header-display":"","ast-banner-title-visibility":"","ast-main-header-display":"","ast-hfb-above-header-display":"","ast-hfb-below-header-display":"","ast-hfb-mobile-header-display":"","site-post-title":"disabled","ast-breadcrumbs-content":"","ast-featured-img":"disabled","footer-sml-layout":"","ast-disable-related-posts":"","theme-transparent-header-meta":"","adv-header-id-meta":"","stick-header-meta":"","header-above-stick-meta":"","header-main-stick-meta":"","header-below-stick-meta":"","astra-migrate-meta-layouts":"default","ast-page-background-enabled":"default","ast-page-background-meta":{"desktop":{"background-color":"var(--ast-global-color-5)","background-image":"","background-repeat":"repeat","background-position":"center center","background-size":"auto","background-attachment":"scroll","background-type":"","background-media":"","overlay-type":"","overlay-color":"","overlay-opacity":"","overlay-gradient":""},"tablet":{"background-color":"","background-image":"","background-repeat":"repeat","background-position":"center center","background-size":"auto","background-attachment":"scroll","background-type":"","background-media":"","overlay-type":"","overlay-color":"","overlay-opacity":"","overlay-gradient":""},"mobile":{"background-color":"","background-image":"","background-repeat":"repeat","background-position":"center center","background-size":"auto","background-attachment":"scroll","background-type":"","background-media":"","overlay-type":"","overlay-color":"","overlay-opacity":"","overlay-gradient":""}},"ast-content-background-meta":{"desktop":{"background-color":"var(--ast-global-color-4)","background-image":"","background-repeat":"repeat","background-position":"center center","background-size":"auto","background-attachment":"scroll","background-type":"","background-media":"","overlay-type":"","overlay-color":"","overlay-opacity":"","overlay-gradient":""},"tablet":{"background-color":"var(--ast-global-color-4)","background-image":"","background-repeat":"repeat","background-position":"center center","background-size":"auto","background-attachment":"scroll","background-type":"","background-media":"","overlay-type":"","overlay-color":"","overlay-opacity":"","overlay-gradient":""},"mobile":{"background-color":"var(--ast-global-color-4)","background-image":"","background-repeat":"repeat","background-position":"center center","background-size":"auto","background-attachment":"scroll","background-type":"","background-media":"","overlay-type":"","overlay-color":"","overlay-opacity":"","overlay-gradient":""}},"footnotes":""},"class_list":["post-96","page","type-page","status-publish","hentry"],"_links":{"self":[{"href":"https:\/\/mochastudio.fr\/index.php?rest_route=\/wp\/v2\/pages\/96","targetHints":{"allow":["GET"]}}],"collection":[{"href":"https:\/\/mochastudio.fr\/index.php?rest_route=\/wp\/v2\/pages"}],"about":[{"href":"https:\/\/mochastudio.fr\/index.php?rest_route=\/wp\/v2\/types\/page"}],"author":[{"embeddable":true,"href":"https:\/\/mochastudio.fr\/index.php?rest_route=\/wp\/v2\/users\/1"}],"replies":[{"embeddable":true,"href":"https:\/\/mochastudio.fr\/index.php?rest_route=%2Fwp%2Fv2%2Fcomments&post=96"}],"version-history":[{"count":367,"href":"https:\/\/mochastudio.fr\/index.php?rest_route=\/wp\/v2\/pages\/96\/revisions"}],"predecessor-version":[{"id":3436,"href":"https:\/\/mochastudio.fr\/index.php?rest_route=\/wp\/v2\/pages\/96\/revisions\/3436"}],"wp:attachment":[{"href":"https:\/\/mochastudio.fr\/index.php?rest_route=%2Fwp%2Fv2%2Fmedia&parent=96"}],"curies":[{"name":"wp","href":"https:\/\/api.w.org\/{rel}","templated":true}]}}