{"id":2861,"date":"2026-01-16T20:08:43","date_gmt":"2026-01-16T20:08:43","guid":{"rendered":"https:\/\/mochastudio.fr\/?page_id=2861"},"modified":"2026-01-21T20:18:13","modified_gmt":"2026-01-21T20:18:13","slug":"communication","status":"publish","type":"page","link":"https:\/\/mochastudio.fr\/?page_id=2861","title":{"rendered":"Communication"},"content":{"rendered":"\t\t<div data-elementor-type=\"wp-page\" data-elementor-id=\"2861\" class=\"elementor elementor-2861\">\n\t\t\t\t<div class=\"elementor-element elementor-element-97f60a5 e-con-full e-flex e-con e-parent\" data-id=\"97f60a5\" data-element_type=\"container\" data-e-type=\"container\" data-settings=\"{&quot;background_background&quot;:&quot;classic&quot;}\">\n\t\t<div class=\"elementor-element elementor-element-ce50ba2 e-con-full e-flex e-con e-child\" data-id=\"ce50ba2\" data-element_type=\"container\" data-e-type=\"container\">\n\t\t<div class=\"elementor-element elementor-element-0efcff7 e-con-full e-flex e-con e-child\" data-id=\"0efcff7\" data-element_type=\"container\" data-e-type=\"container\">\n\t\t\t\t<div class=\"elementor-element elementor-element-4ff314b elementor-widget-mobile__width-auto elementor-widget elementor-widget-heading\" data-id=\"4ff314b\" data-element_type=\"widget\" data-e-type=\"widget\" data-widget_type=\"heading.default\">\n\t\t\t\t\t<h2 class=\"elementor-heading-title elementor-size-default\">Communication<\/h2>\t\t\t\t<\/div>\n\t\t\t\t<\/div>\n\t\t\t\t<div class=\"elementor-element elementor-element-04e7de2 elementor-widget-mobile__width-auto elementor-widget-tablet__width-auto elementor-widget elementor-widget-text-editor\" data-id=\"04e7de2\" data-element_type=\"widget\" data-e-type=\"widget\" data-widget_type=\"text-editor.default\">\n\t\t\t\t\t\t\t\t\t<p>Les supports de communication sont le prolongement visible de votre marque.<\/p><p>Ils permettent de diffuser vos messages, de renforcer votre image et d&rsquo;assurer une coh\u00e9rence sur l&rsquo;ensemble de vos points de contact.<\/p><p>Je cr\u00e9e des supports de communication sur mesure, pens\u00e9s pour s&rsquo;inscrire naturellement dans votre identit\u00e9 visuelle et soutenir vos objectifs. Chaque support est r\u00e9fl\u00e9chi \u00e0 la fois sur le fond et la forme : clart\u00e9 du message, hi\u00e9rarchie de l&rsquo;information, lisibilit\u00e9 et coh\u00e9rence graphique.<\/p><p>Qu&rsquo;ils soient destin\u00e9s \u00e0 l&rsquo;impression ou au digital, les supports sont con\u00e7us pour valoriser votre marque, faciliter la compr\u00e9hension de votre offre et renforcer votre visibilit\u00e9.<\/p><p>Pour des supports clairs, coh\u00e9rents et impactants, qui accompagnent durablement votre communication et s&rsquo;int\u00e8grent parfaitement \u00e0 votre \u00e9cosyst\u00e8me de marque, vous pouvez me <a href=\"https:\/\/mochastudio.fr\/?page_id=24\"><span style=\"text-decoration: underline;\"><strong>contacter<\/strong><\/span><\/a>.<\/p>\t\t\t\t\t\t\t\t<\/div>\n\t\t\t\t<\/div>\n\t\t<div class=\"elementor-element elementor-element-503f57f e-con-full e-flex e-con e-child\" data-id=\"503f57f\" data-element_type=\"container\" data-e-type=\"container\" data-settings=\"{&quot;background_background&quot;:&quot;classic&quot;}\">\n\t\t\t\t<div class=\"elementor-element elementor-element-5cc1927 elementor-widget elementor-widget-image\" data-id=\"5cc1927\" data-element_type=\"widget\" data-e-type=\"widget\" data-widget_type=\"image.default\">\n\t\t\t\t\t\t\t\t\t\t\t\t\t\t\t<img fetchpriority=\"high\" decoding=\"async\" width=\"1024\" height=\"683\" src=\"https:\/\/mochastudio.fr\/wp-content\/uploads\/2026\/01\/Free_Business_Card_Mockup_2-1024x683.jpg\" class=\"attachment-large size-large wp-image-2427\" alt=\"\" srcset=\"https:\/\/mochastudio.fr\/wp-content\/uploads\/2026\/01\/Free_Business_Card_Mockup_2-1024x683.jpg 1024w, https:\/\/mochastudio.fr\/wp-content\/uploads\/2026\/01\/Free_Business_Card_Mockup_2-300x200.jpg 300w, https:\/\/mochastudio.fr\/wp-content\/uploads\/2026\/01\/Free_Business_Card_Mockup_2-768x512.jpg 768w, https:\/\/mochastudio.fr\/wp-content\/uploads\/2026\/01\/Free_Business_Card_Mockup_2-1536x1024.jpg 1536w, https:\/\/mochastudio.fr\/wp-content\/uploads\/2026\/01\/Free_Business_Card_Mockup_2-2048x1366.jpg 2048w\" sizes=\"(max-width: 1024px) 100vw, 1024px\" \/>\t\t\t\t\t\t\t\t\t\t\t\t\t\t\t<\/div>\n\t\t\t\t<\/div>\n\t\t\t\t<\/div>\n\t\t\t\t<\/div>\n\t\t","protected":false},"excerpt":{"rendered":"<p>Communication Les supports de communication sont le prolongement visible de votre marque. Ils permettent de diffuser vos messages, de renforcer [&hellip;]<\/p>\n","protected":false},"author":1,"featured_media":0,"parent":0,"menu_order":0,"comment_status":"closed","ping_status":"closed","template":"","meta":{"site-sidebar-layout":"no-sidebar","site-content-layout":"","ast-site-content-layout":"full-width-container","site-content-style":"default","site-sidebar-style":"default","ast-global-header-display":"","ast-banner-title-visibility":"","ast-main-header-display":"","ast-hfb-above-header-display":"","ast-hfb-below-header-display":"","ast-hfb-mobile-header-display":"","site-post-title":"disabled","ast-breadcrumbs-content":"","ast-featured-img":"disabled","footer-sml-layout":"","ast-disable-related-posts":"","theme-transparent-header-meta":"","adv-header-id-meta":"","stick-header-meta":"","header-above-stick-meta":"","header-main-stick-meta":"","header-below-stick-meta":"","astra-migrate-meta-layouts":"default","ast-page-background-enabled":"default","ast-page-background-meta":{"desktop":{"background-color":"var(--ast-global-color-5)","background-image":"","background-repeat":"repeat","background-position":"center center","background-size":"auto","background-attachment":"scroll","background-type":"","background-media":"","overlay-type":"","overlay-color":"","overlay-opacity":"","overlay-gradient":""},"tablet":{"background-color":"","background-image":"","background-repeat":"repeat","background-position":"center center","background-size":"auto","background-attachment":"scroll","background-type":"","background-media":"","overlay-type":"","overlay-color":"","overlay-opacity":"","overlay-gradient":""},"mobile":{"background-color":"","background-image":"","background-repeat":"repeat","background-position":"center center","background-size":"auto","background-attachment":"scroll","background-type":"","background-media":"","overlay-type":"","overlay-color":"","overlay-opacity":"","overlay-gradient":""}},"ast-content-background-meta":{"desktop":{"background-color":"var(--ast-global-color-4)","background-image":"","background-repeat":"repeat","background-position":"center center","background-size":"auto","background-attachment":"scroll","background-type":"","background-media":"","overlay-type":"","overlay-color":"","overlay-opacity":"","overlay-gradient":""},"tablet":{"background-color":"var(--ast-global-color-4)","background-image":"","background-repeat":"repeat","background-position":"center center","background-size":"auto","background-attachment":"scroll","background-type":"","background-media":"","overlay-type":"","overlay-color":"","overlay-opacity":"","overlay-gradient":""},"mobile":{"background-color":"var(--ast-global-color-4)","background-image":"","background-repeat":"repeat","background-position":"center center","background-size":"auto","background-attachment":"scroll","background-type":"","background-media":"","overlay-type":"","overlay-color":"","overlay-opacity":"","overlay-gradient":""}},"footnotes":""},"class_list":["post-2861","page","type-page","status-publish","hentry"],"_links":{"self":[{"href":"https:\/\/mochastudio.fr\/index.php?rest_route=\/wp\/v2\/pages\/2861","targetHints":{"allow":["GET"]}}],"collection":[{"href":"https:\/\/mochastudio.fr\/index.php?rest_route=\/wp\/v2\/pages"}],"about":[{"href":"https:\/\/mochastudio.fr\/index.php?rest_route=\/wp\/v2\/types\/page"}],"author":[{"embeddable":true,"href":"https:\/\/mochastudio.fr\/index.php?rest_route=\/wp\/v2\/users\/1"}],"replies":[{"embeddable":true,"href":"https:\/\/mochastudio.fr\/index.php?rest_route=%2Fwp%2Fv2%2Fcomments&post=2861"}],"version-history":[{"count":8,"href":"https:\/\/mochastudio.fr\/index.php?rest_route=\/wp\/v2\/pages\/2861\/revisions"}],"predecessor-version":[{"id":3442,"href":"https:\/\/mochastudio.fr\/index.php?rest_route=\/wp\/v2\/pages\/2861\/revisions\/3442"}],"wp:attachment":[{"href":"https:\/\/mochastudio.fr\/index.php?rest_route=%2Fwp%2Fv2%2Fmedia&parent=2861"}],"curies":[{"name":"wp","href":"https:\/\/api.w.org\/{rel}","templated":true}]}}