{"id":2855,"date":"2026-01-16T20:07:12","date_gmt":"2026-01-16T20:07:12","guid":{"rendered":"https:\/\/mochastudio.fr\/?page_id=2855"},"modified":"2026-01-21T20:19:04","modified_gmt":"2026-01-21T20:19:04","slug":"identite-visuelle","status":"publish","type":"page","link":"https:\/\/mochastudio.fr\/?page_id=2855","title":{"rendered":"Identit\u00e9 visuelle"},"content":{"rendered":"\t\t<div data-elementor-type=\"wp-page\" data-elementor-id=\"2855\" class=\"elementor elementor-2855\">\n\t\t\t\t<div class=\"elementor-element elementor-element-7de3725 e-con-full e-flex e-con e-parent\" data-id=\"7de3725\" data-element_type=\"container\" data-e-type=\"container\" data-settings=\"{&quot;background_background&quot;:&quot;classic&quot;}\">\n\t\t<div class=\"elementor-element elementor-element-02e781f e-con-full e-flex e-con e-child\" data-id=\"02e781f\" data-element_type=\"container\" data-e-type=\"container\">\n\t\t<div class=\"elementor-element elementor-element-504ac68 e-con-full e-flex e-con e-child\" data-id=\"504ac68\" data-element_type=\"container\" data-e-type=\"container\">\n\t\t\t\t<div class=\"elementor-element elementor-element-335540b elementor-widget-mobile__width-auto elementor-widget elementor-widget-heading\" data-id=\"335540b\" data-element_type=\"widget\" data-e-type=\"widget\" data-widget_type=\"heading.default\">\n\t\t\t\t\t<h2 class=\"elementor-heading-title elementor-size-default\">Identit\u00e9 visuelle<\/h2>\t\t\t\t<\/div>\n\t\t\t\t<\/div>\n\t\t\t\t<div class=\"elementor-element elementor-element-214edb4 elementor-widget-mobile__width-auto elementor-widget-tablet__width-auto elementor-widget elementor-widget-text-editor\" data-id=\"214edb4\" data-element_type=\"widget\" data-e-type=\"widget\" data-widget_type=\"text-editor.default\">\n\t\t\t\t\t\t\t\t\t<p>L&rsquo;identit\u00e9 visuelle est le socle de toute marque.<\/p><p>Elle permet de communiquer clairement votre positionnement, de cr\u00e9er de la coh\u00e9rence et d&rsquo;instaurer la confiance d\u00e8s le premier contact. Elle peut aussi permettre de cibler une audience bien pr\u00e9cise.<\/p><p>Je vous accompagne dans la cr\u00e9ation d&rsquo;un univers sur mesure, pens\u00e9 pour refl\u00e9ter vos valeurs, parler \u00e0 votre audience et vous diff\u00e9rencier durablement. De la direction artistique aux \u00e9l\u00e9ments graphiques cl\u00e9s, chaque choix est guid\u00e9 par une r\u00e9flexion et une ex\u00e9cution soign\u00e9e.<\/p><p>Pour une identit\u00e9 lisible, coh\u00e9rente et align\u00e9e avec vos objectifs, capable d&rsquo;\u00e9voluer avec votre marque et de s&rsquo;adapter \u00e0 tous vos supports de communication, c&rsquo;est par <a href=\"https:\/\/mochastudio.fr\/?page_id=24\"><span style=\"text-decoration: underline;\"><strong>ici<\/strong><\/span><\/a>.<\/p>\t\t\t\t\t\t\t\t<\/div>\n\t\t\t\t<\/div>\n\t\t<div class=\"elementor-element elementor-element-46c5fd4 e-con-full e-flex e-con e-child\" data-id=\"46c5fd4\" data-element_type=\"container\" data-e-type=\"container\" data-settings=\"{&quot;background_background&quot;:&quot;classic&quot;}\">\n\t\t\t\t<div class=\"elementor-element elementor-element-822bf5f elementor-widget elementor-widget-image\" data-id=\"822bf5f\" data-element_type=\"widget\" data-e-type=\"widget\" data-widget_type=\"image.default\">\n\t\t\t\t\t\t\t\t\t\t\t\t\t\t\t<img fetchpriority=\"high\" decoding=\"async\" width=\"1024\" height=\"683\" src=\"https:\/\/mochastudio.fr\/wp-content\/uploads\/2026\/01\/Mocha-Studio-effect-2-1024x683.jpg\" class=\"attachment-large size-large wp-image-2456\" alt=\"\" srcset=\"https:\/\/mochastudio.fr\/wp-content\/uploads\/2026\/01\/Mocha-Studio-effect-2-1024x683.jpg 1024w, https:\/\/mochastudio.fr\/wp-content\/uploads\/2026\/01\/Mocha-Studio-effect-2-300x200.jpg 300w, https:\/\/mochastudio.fr\/wp-content\/uploads\/2026\/01\/Mocha-Studio-effect-2-768x512.jpg 768w, https:\/\/mochastudio.fr\/wp-content\/uploads\/2026\/01\/Mocha-Studio-effect-2-1536x1024.jpg 1536w, https:\/\/mochastudio.fr\/wp-content\/uploads\/2026\/01\/Mocha-Studio-effect-2-2048x1365.jpg 2048w\" sizes=\"(max-width: 1024px) 100vw, 1024px\" \/>\t\t\t\t\t\t\t\t\t\t\t\t\t\t\t<\/div>\n\t\t\t\t<\/div>\n\t\t\t\t<\/div>\n\t\t\t\t<\/div>\n\t\t","protected":false},"excerpt":{"rendered":"<p>Identit\u00e9 visuelle L&rsquo;identit\u00e9 visuelle est le socle de toute marque. Elle permet de communiquer clairement votre positionnement, de cr\u00e9er de [&hellip;]<\/p>\n","protected":false},"author":1,"featured_media":0,"parent":0,"menu_order":0,"comment_status":"closed","ping_status":"closed","template":"","meta":{"site-sidebar-layout":"no-sidebar","site-content-layout":"","ast-site-content-layout":"full-width-container","site-content-style":"default","site-sidebar-style":"default","ast-global-header-display":"","ast-banner-title-visibility":"","ast-main-header-display":"","ast-hfb-above-header-display":"","ast-hfb-below-header-display":"","ast-hfb-mobile-header-display":"","site-post-title":"disabled","ast-breadcrumbs-content":"","ast-featured-img":"disabled","footer-sml-layout":"","ast-disable-related-posts":"","theme-transparent-header-meta":"","adv-header-id-meta":"","stick-header-meta":"","header-above-stick-meta":"","header-main-stick-meta":"","header-below-stick-meta":"","astra-migrate-meta-layouts":"default","ast-page-background-enabled":"default","ast-page-background-meta":{"desktop":{"background-color":"var(--ast-global-color-5)","background-image":"","background-repeat":"repeat","background-position":"center center","background-size":"auto","background-attachment":"scroll","background-type":"","background-media":"","overlay-type":"","overlay-color":"","overlay-opacity":"","overlay-gradient":""},"tablet":{"background-color":"","background-image":"","background-repeat":"repeat","background-position":"center center","background-size":"auto","background-attachment":"scroll","background-type":"","background-media":"","overlay-type":"","overlay-color":"","overlay-opacity":"","overlay-gradient":""},"mobile":{"background-color":"","background-image":"","background-repeat":"repeat","background-position":"center center","background-size":"auto","background-attachment":"scroll","background-type":"","background-media":"","overlay-type":"","overlay-color":"","overlay-opacity":"","overlay-gradient":""}},"ast-content-background-meta":{"desktop":{"background-color":"var(--ast-global-color-4)","background-image":"","background-repeat":"repeat","background-position":"center center","background-size":"auto","background-attachment":"scroll","background-type":"","background-media":"","overlay-type":"","overlay-color":"","overlay-opacity":"","overlay-gradient":""},"tablet":{"background-color":"var(--ast-global-color-4)","background-image":"","background-repeat":"repeat","background-position":"center center","background-size":"auto","background-attachment":"scroll","background-type":"","background-media":"","overlay-type":"","overlay-color":"","overlay-opacity":"","overlay-gradient":""},"mobile":{"background-color":"var(--ast-global-color-4)","background-image":"","background-repeat":"repeat","background-position":"center center","background-size":"auto","background-attachment":"scroll","background-type":"","background-media":"","overlay-type":"","overlay-color":"","overlay-opacity":"","overlay-gradient":""}},"footnotes":""},"class_list":["post-2855","page","type-page","status-publish","hentry"],"_links":{"self":[{"href":"https:\/\/mochastudio.fr\/index.php?rest_route=\/wp\/v2\/pages\/2855","targetHints":{"allow":["GET"]}}],"collection":[{"href":"https:\/\/mochastudio.fr\/index.php?rest_route=\/wp\/v2\/pages"}],"about":[{"href":"https:\/\/mochastudio.fr\/index.php?rest_route=\/wp\/v2\/types\/page"}],"author":[{"embeddable":true,"href":"https:\/\/mochastudio.fr\/index.php?rest_route=\/wp\/v2\/users\/1"}],"replies":[{"embeddable":true,"href":"https:\/\/mochastudio.fr\/index.php?rest_route=%2Fwp%2Fv2%2Fcomments&post=2855"}],"version-history":[{"count":8,"href":"https:\/\/mochastudio.fr\/index.php?rest_route=\/wp\/v2\/pages\/2855\/revisions"}],"predecessor-version":[{"id":3445,"href":"https:\/\/mochastudio.fr\/index.php?rest_route=\/wp\/v2\/pages\/2855\/revisions\/3445"}],"wp:attachment":[{"href":"https:\/\/mochastudio.fr\/index.php?rest_route=%2Fwp%2Fv2%2Fmedia&parent=2855"}],"curies":[{"name":"wp","href":"https:\/\/api.w.org\/{rel}","templated":true}]}}