{"id":2844,"date":"2026-01-16T20:04:22","date_gmt":"2026-01-16T20:04:22","guid":{"rendered":"https:\/\/mochastudio.fr\/?page_id=2844"},"modified":"2026-01-21T20:16:31","modified_gmt":"2026-01-21T20:16:31","slug":"elementor-page-2844","status":"publish","type":"page","link":"https:\/\/mochastudio.fr\/?page_id=2844","title":{"rendered":"Webdesign"},"content":{"rendered":"\t\t<div data-elementor-type=\"wp-page\" data-elementor-id=\"2844\" class=\"elementor elementor-2844\">\n\t\t\t\t<div class=\"elementor-element elementor-element-3516940 e-con-full e-flex e-con e-parent\" data-id=\"3516940\" data-element_type=\"container\" data-e-type=\"container\" data-settings=\"{&quot;background_background&quot;:&quot;classic&quot;}\">\n\t\t<div class=\"elementor-element elementor-element-889d254 e-con-full e-flex e-con e-child\" data-id=\"889d254\" data-element_type=\"container\" data-e-type=\"container\" data-settings=\"{&quot;background_background&quot;:&quot;classic&quot;}\">\n\t\t\t\t<div class=\"elementor-element elementor-element-509ab9f elementor-widget elementor-widget-image\" data-id=\"509ab9f\" data-element_type=\"widget\" data-e-type=\"widget\" data-widget_type=\"image.default\">\n\t\t\t\t\t\t\t\t\t\t\t\t\t\t\t<img fetchpriority=\"high\" decoding=\"async\" width=\"1024\" height=\"683\" src=\"https:\/\/mochastudio.fr\/wp-content\/uploads\/2026\/01\/Site-Mocha-Studio-2-1024x683.jpg\" class=\"attachment-large size-large wp-image-2758\" alt=\"\" srcset=\"https:\/\/mochastudio.fr\/wp-content\/uploads\/2026\/01\/Site-Mocha-Studio-2-1024x683.jpg 1024w, https:\/\/mochastudio.fr\/wp-content\/uploads\/2026\/01\/Site-Mocha-Studio-2-300x200.jpg 300w, https:\/\/mochastudio.fr\/wp-content\/uploads\/2026\/01\/Site-Mocha-Studio-2-768x512.jpg 768w, https:\/\/mochastudio.fr\/wp-content\/uploads\/2026\/01\/Site-Mocha-Studio-2-1536x1024.jpg 1536w, https:\/\/mochastudio.fr\/wp-content\/uploads\/2026\/01\/Site-Mocha-Studio-2-2048x1365.jpg 2048w\" sizes=\"(max-width: 1024px) 100vw, 1024px\" \/>\t\t\t\t\t\t\t\t\t\t\t\t\t\t\t<\/div>\n\t\t\t\t<\/div>\n\t\t<div class=\"elementor-element elementor-element-65445c2 e-con-full e-flex e-con e-child\" data-id=\"65445c2\" data-element_type=\"container\" data-e-type=\"container\">\n\t\t<div class=\"elementor-element elementor-element-1b1377b e-con-full e-flex e-con e-child\" data-id=\"1b1377b\" data-element_type=\"container\" data-e-type=\"container\">\n\t\t\t\t<div class=\"elementor-element elementor-element-83e24f6 elementor-widget elementor-widget-heading\" data-id=\"83e24f6\" data-element_type=\"widget\" data-e-type=\"widget\" data-widget_type=\"heading.default\">\n\t\t\t\t\t<h2 class=\"elementor-heading-title elementor-size-default\">Webdesign<\/h2>\t\t\t\t<\/div>\n\t\t\t\t<\/div>\n\t\t\t\t<div class=\"elementor-element elementor-element-90a5fe2 elementor-widget elementor-widget-text-editor\" data-id=\"90a5fe2\" data-element_type=\"widget\" data-e-type=\"widget\" data-widget_type=\"text-editor.default\">\n\t\t\t\t\t\t\t\t\t<p>Un site web est bien plus qu&rsquo;une vitrine : c&rsquo;est un outil strat\u00e9gique au service de votre marque et de vos objectifs.<\/p><p>Je con\u00e7ois des interfaces web claires, esth\u00e9tiques et fonctionnelles, en accord avec votre identit\u00e9 visuelle et les attentes de vos utilisateurs. Chaque projet est pens\u00e9 pour offrir une navigation intuitive, une hi\u00e9rarchie de contenu efficace et une exp\u00e9rience coh\u00e9rente sur tous les \u00e9crans.<\/p><p>Du design des pages \u00e0 l&rsquo;optimisation de l&rsquo;exp\u00e9rience utilisateur, je cr\u00e9e des sites qui renforcent votre image, facilitent la compr\u00e9hension de votre offre et encouragent l&rsquo;action.<\/p><p>Pour un site web performant et \u00e9volutif, con\u00e7u pour accompagner la croissance de votre activit\u00e9, c&rsquo;est par <span style=\"text-decoration: underline;\"><a href=\"https:\/\/mochastudio.fr\/?page_id=24\"><strong>l\u00e0<\/strong><\/a><\/span>.<\/p>\t\t\t\t\t\t\t\t<\/div>\n\t\t\t\t<\/div>\n\t\t\t\t<\/div>\n\t\t\t\t<\/div>\n\t\t","protected":false},"excerpt":{"rendered":"<p>Webdesign Un site web est bien plus qu&rsquo;une vitrine : c&rsquo;est un outil strat\u00e9gique au service de votre marque et [&hellip;]<\/p>\n","protected":false},"author":1,"featured_media":0,"parent":0,"menu_order":0,"comment_status":"closed","ping_status":"closed","template":"","meta":{"site-sidebar-layout":"no-sidebar","site-content-layout":"","ast-site-content-layout":"full-width-container","site-content-style":"default","site-sidebar-style":"default","ast-global-header-display":"","ast-banner-title-visibility":"","ast-main-header-display":"","ast-hfb-above-header-display":"","ast-hfb-below-header-display":"","ast-hfb-mobile-header-display":"","site-post-title":"disabled","ast-breadcrumbs-content":"","ast-featured-img":"disabled","footer-sml-layout":"","ast-disable-related-posts":"","theme-transparent-header-meta":"","adv-header-id-meta":"","stick-header-meta":"","header-above-stick-meta":"","header-main-stick-meta":"","header-below-stick-meta":"","astra-migrate-meta-layouts":"default","ast-page-background-enabled":"default","ast-page-background-meta":{"desktop":{"background-color":"var(--ast-global-color-5)","background-image":"","background-repeat":"repeat","background-position":"center center","background-size":"auto","background-attachment":"scroll","background-type":"","background-media":"","overlay-type":"","overlay-color":"","overlay-opacity":"","overlay-gradient":""},"tablet":{"background-color":"","background-image":"","background-repeat":"repeat","background-position":"center center","background-size":"auto","background-attachment":"scroll","background-type":"","background-media":"","overlay-type":"","overlay-color":"","overlay-opacity":"","overlay-gradient":""},"mobile":{"background-color":"","background-image":"","background-repeat":"repeat","background-position":"center center","background-size":"auto","background-attachment":"scroll","background-type":"","background-media":"","overlay-type":"","overlay-color":"","overlay-opacity":"","overlay-gradient":""}},"ast-content-background-meta":{"desktop":{"background-color":"var(--ast-global-color-4)","background-image":"","background-repeat":"repeat","background-position":"center center","background-size":"auto","background-attachment":"scroll","background-type":"","background-media":"","overlay-type":"","overlay-color":"","overlay-opacity":"","overlay-gradient":""},"tablet":{"background-color":"var(--ast-global-color-4)","background-image":"","background-repeat":"repeat","background-position":"center center","background-size":"auto","background-attachment":"scroll","background-type":"","background-media":"","overlay-type":"","overlay-color":"","overlay-opacity":"","overlay-gradient":""},"mobile":{"background-color":"var(--ast-global-color-4)","background-image":"","background-repeat":"repeat","background-position":"center center","background-size":"auto","background-attachment":"scroll","background-type":"","background-media":"","overlay-type":"","overlay-color":"","overlay-opacity":"","overlay-gradient":""}},"footnotes":""},"class_list":["post-2844","page","type-page","status-publish","hentry"],"_links":{"self":[{"href":"https:\/\/mochastudio.fr\/index.php?rest_route=\/wp\/v2\/pages\/2844","targetHints":{"allow":["GET"]}}],"collection":[{"href":"https:\/\/mochastudio.fr\/index.php?rest_route=\/wp\/v2\/pages"}],"about":[{"href":"https:\/\/mochastudio.fr\/index.php?rest_route=\/wp\/v2\/types\/page"}],"author":[{"embeddable":true,"href":"https:\/\/mochastudio.fr\/index.php?rest_route=\/wp\/v2\/users\/1"}],"replies":[{"embeddable":true,"href":"https:\/\/mochastudio.fr\/index.php?rest_route=%2Fwp%2Fv2%2Fcomments&post=2844"}],"version-history":[{"count":11,"href":"https:\/\/mochastudio.fr\/index.php?rest_route=\/wp\/v2\/pages\/2844\/revisions"}],"predecessor-version":[{"id":3439,"href":"https:\/\/mochastudio.fr\/index.php?rest_route=\/wp\/v2\/pages\/2844\/revisions\/3439"}],"wp:attachment":[{"href":"https:\/\/mochastudio.fr\/index.php?rest_route=%2Fwp%2Fv2%2Fmedia&parent=2844"}],"curies":[{"name":"wp","href":"https:\/\/api.w.org\/{rel}","templated":true}]}}