{"id":14,"date":"2025-07-21T13:54:00","date_gmt":"2025-07-21T13:54:00","guid":{"rendered":"https:\/\/mochastudio.fr\/?page_id=14"},"modified":"2026-02-05T14:02:17","modified_gmt":"2026-02-05T14:02:17","slug":"accueil","status":"publish","type":"page","link":"https:\/\/mochastudio.fr\/","title":{"rendered":"Accueil"},"content":{"rendered":"\t\t<div data-elementor-type=\"wp-page\" data-elementor-id=\"14\" class=\"elementor elementor-14\">\n\t\t\t\t<div class=\"elementor-element elementor-element-a4d47d3 e-con-full animated-slow e-flex e-con e-parent\" data-id=\"a4d47d3\" data-element_type=\"container\" data-e-type=\"container\" data-settings=\"{&quot;background_background&quot;:&quot;classic&quot;,&quot;animation&quot;:&quot;none&quot;}\">\n\t\t\t\t<div class=\"elementor-element elementor-element-65ea407 elementor-widget__width-inherit elementor-widget-tablet__width-inherit animated-slow elementor-invisible elementor-widget elementor-widget-image\" data-id=\"65ea407\" data-element_type=\"widget\" data-e-type=\"widget\" data-settings=\"{&quot;_animation&quot;:&quot;fadeInDown&quot;,&quot;_animation_delay&quot;:400}\" data-widget_type=\"image.default\">\n\t\t\t\t\t\t\t\t\t\t\t\t\t\t\t<img fetchpriority=\"high\" decoding=\"async\" width=\"736\" height=\"68\" src=\"https:\/\/mochastudio.fr\/wp-content\/uploads\/2026\/01\/Mocha-Studio-25-2.png\" class=\"attachment-full size-full wp-image-3041\" alt=\"\" srcset=\"https:\/\/mochastudio.fr\/wp-content\/uploads\/2026\/01\/Mocha-Studio-25-2.png 736w, https:\/\/mochastudio.fr\/wp-content\/uploads\/2026\/01\/Mocha-Studio-25-2-300x28.png 300w\" sizes=\"(max-width: 736px) 100vw, 736px\" \/>\t\t\t\t\t\t\t\t\t\t\t\t\t\t\t<\/div>\n\t\t\t\t<div class=\"elementor-element elementor-element-3e855ff elementor-widget__width-inherit elementor-widget-tablet__width-inherit animated-slow elementor-invisible elementor-widget elementor-widget-image\" data-id=\"3e855ff\" data-element_type=\"widget\" data-e-type=\"widget\" data-settings=\"{&quot;_animation&quot;:&quot;fadeInUp&quot;,&quot;_animation_delay&quot;:1200}\" data-widget_type=\"image.default\">\n\t\t\t\t\t\t\t\t\t\t\t\t\t\t\t<img decoding=\"async\" width=\"334\" height=\"39\" src=\"https:\/\/mochastudio.fr\/wp-content\/uploads\/2026\/02\/Graphiste-Webdesigner-8.png\" class=\"attachment-full size-full wp-image-3451\" alt=\"\" srcset=\"https:\/\/mochastudio.fr\/wp-content\/uploads\/2026\/02\/Graphiste-Webdesigner-8.png 334w, https:\/\/mochastudio.fr\/wp-content\/uploads\/2026\/02\/Graphiste-Webdesigner-8-300x35.png 300w\" sizes=\"(max-width: 334px) 100vw, 334px\" \/>\t\t\t\t\t\t\t\t\t\t\t\t\t\t\t<\/div>\n\t\t\t\t<\/div>\n\t\t<div class=\"elementor-element elementor-element-27c5db1 e-flex e-con-boxed e-con e-parent\" data-id=\"27c5db1\" data-element_type=\"container\" data-e-type=\"container\">\n\t\t\t\t\t<div class=\"e-con-inner\">\n\t\t\t\t\t<\/div>\n\t\t\t\t<\/div>\n\t\t<div class=\"elementor-element elementor-element-fab2268 e-flex e-con-boxed e-con e-parent\" data-id=\"fab2268\" data-element_type=\"container\" data-e-type=\"container\">\n\t\t\t\t\t<div class=\"e-con-inner\">\n\t\t<div class=\"elementor-element elementor-element-609dfb1 e-con-full e-flex e-con e-child\" data-id=\"609dfb1\" data-element_type=\"container\" data-e-type=\"container\">\n\t\t\t\t<div class=\"elementor-element elementor-element-7cfbf4a elementor-widget elementor-widget-text-editor\" data-id=\"7cfbf4a\" data-element_type=\"widget\" data-e-type=\"widget\" data-widget_type=\"text-editor.default\">\n\t\t\t\t\t\t\t\t\t<p>J&rsquo;accompagne les marques dans la cr\u00e9ation d&rsquo;une identit\u00e9 forte et d&rsquo;un site web coh\u00e9rent, pens\u00e9s ensemble pour offrir une exp\u00e9rience claire, professionnelle et impactante<\/p>\t\t\t\t\t\t\t\t<\/div>\n\t\t\t\t<\/div>\n\t\t\t\t\t<\/div>\n\t\t\t\t<\/div>\n\t\t<div class=\"elementor-element elementor-element-4d09fc7 e-flex e-con-boxed e-con e-parent\" data-id=\"4d09fc7\" data-element_type=\"container\" data-e-type=\"container\" data-settings=\"{&quot;background_background&quot;:&quot;classic&quot;}\">\n\t\t\t\t\t<div class=\"e-con-inner\">\n\t\t<div class=\"elementor-element elementor-element-fcb2742 e-con-full e-flex e-con e-child\" data-id=\"fcb2742\" data-element_type=\"container\" data-e-type=\"container\" data-settings=\"{&quot;background_background&quot;:&quot;classic&quot;}\">\n\t\t\t\t<div class=\"elementor-element elementor-element-1db670e elementor-widget elementor-widget-heading\" data-id=\"1db670e\" data-element_type=\"widget\" data-e-type=\"widget\" data-widget_type=\"heading.default\">\n\t\t\t\t\t<h2 class=\"elementor-heading-title elementor-size-default\">IDENTIT\u00c9 VISUELLE<\/h2>\t\t\t\t<\/div>\n\t\t\t\t<div class=\"elementor-element elementor-element-322a380 elementor-widget elementor-widget-text-editor\" data-id=\"322a380\" data-element_type=\"widget\" data-e-type=\"widget\" data-widget_type=\"text-editor.default\">\n\t\t\t\t\t\t\t\t\t<p>Une identit\u00e9 visuelle sur mesure qui traduit l&rsquo;essence de votre marque et vous permet de vous diff\u00e9rencier.<\/p><p><strong><span style=\"text-decoration: underline;\"><a href=\"https:\/\/mochastudio.fr\/?page_id=2855\">D\u00e9couvrir<\/a><\/span><\/strong><\/p>\t\t\t\t\t\t\t\t<\/div>\n\t\t\t\t<div class=\"elementor-element elementor-element-2041599 elementor-widget elementor-widget-image\" data-id=\"2041599\" data-element_type=\"widget\" data-e-type=\"widget\" data-widget_type=\"image.default\">\n\t\t\t\t\t\t\t\t\t\t\t\t\t\t\t<img decoding=\"async\" width=\"1024\" height=\"683\" src=\"https:\/\/mochastudio.fr\/wp-content\/uploads\/2026\/01\/Mocha-Studio-effect-2-1024x683.jpg\" class=\"attachment-large size-large wp-image-2456\" alt=\"\" srcset=\"https:\/\/mochastudio.fr\/wp-content\/uploads\/2026\/01\/Mocha-Studio-effect-2-1024x683.jpg 1024w, https:\/\/mochastudio.fr\/wp-content\/uploads\/2026\/01\/Mocha-Studio-effect-2-300x200.jpg 300w, https:\/\/mochastudio.fr\/wp-content\/uploads\/2026\/01\/Mocha-Studio-effect-2-768x512.jpg 768w, https:\/\/mochastudio.fr\/wp-content\/uploads\/2026\/01\/Mocha-Studio-effect-2-1536x1024.jpg 1536w, https:\/\/mochastudio.fr\/wp-content\/uploads\/2026\/01\/Mocha-Studio-effect-2-2048x1365.jpg 2048w\" sizes=\"(max-width: 1024px) 100vw, 1024px\" \/>\t\t\t\t\t\t\t\t\t\t\t\t\t\t\t<\/div>\n\t\t\t\t<\/div>\n\t\t<div class=\"elementor-element elementor-element-aa15c43 e-con-full e-flex e-con e-child\" data-id=\"aa15c43\" data-element_type=\"container\" data-e-type=\"container\" data-settings=\"{&quot;background_background&quot;:&quot;classic&quot;}\">\n\t\t\t\t<div class=\"elementor-element elementor-element-bf8f17a elementor-widget elementor-widget-heading\" data-id=\"bf8f17a\" data-element_type=\"widget\" data-e-type=\"widget\" data-widget_type=\"heading.default\">\n\t\t\t\t\t<h2 class=\"elementor-heading-title elementor-size-default\">SITE WEB<\/h2>\t\t\t\t<\/div>\n\t\t\t\t<div class=\"elementor-element elementor-element-f459930 elementor-widget elementor-widget-text-editor\" data-id=\"f459930\" data-element_type=\"widget\" data-e-type=\"widget\" data-widget_type=\"text-editor.default\">\n\t\t\t\t\t\t\t\t\t<p>Un site web pens\u00e9 pour offrir une exp\u00e9rience fluide et valorisante et align\u00e9 avec votre identit\u00e9 visuelle.<\/p><p><a href=\"https:\/\/mochastudio.fr\/?page_id=2844\"><span style=\"text-decoration: underline;\"><strong>Plus d&rsquo;infos<\/strong><\/span><\/a><\/p>\t\t\t\t\t\t\t\t<\/div>\n\t\t\t\t<div class=\"elementor-element elementor-element-7f1b28c elementor-widget elementor-widget-image\" data-id=\"7f1b28c\" data-element_type=\"widget\" data-e-type=\"widget\" data-widget_type=\"image.default\">\n\t\t\t\t\t\t\t\t\t\t\t\t\t\t\t<img loading=\"lazy\" decoding=\"async\" width=\"1024\" height=\"683\" src=\"https:\/\/mochastudio.fr\/wp-content\/uploads\/2026\/01\/Site-Mocha-Studio-2-1024x683.jpg\" class=\"attachment-large size-large wp-image-2758\" alt=\"\" srcset=\"https:\/\/mochastudio.fr\/wp-content\/uploads\/2026\/01\/Site-Mocha-Studio-2-1024x683.jpg 1024w, https:\/\/mochastudio.fr\/wp-content\/uploads\/2026\/01\/Site-Mocha-Studio-2-300x200.jpg 300w, https:\/\/mochastudio.fr\/wp-content\/uploads\/2026\/01\/Site-Mocha-Studio-2-768x512.jpg 768w, https:\/\/mochastudio.fr\/wp-content\/uploads\/2026\/01\/Site-Mocha-Studio-2-1536x1024.jpg 1536w, https:\/\/mochastudio.fr\/wp-content\/uploads\/2026\/01\/Site-Mocha-Studio-2-2048x1365.jpg 2048w\" sizes=\"(max-width: 1024px) 100vw, 1024px\" \/>\t\t\t\t\t\t\t\t\t\t\t\t\t\t\t<\/div>\n\t\t\t\t<\/div>\n\t\t<div class=\"elementor-element elementor-element-ed7a962 e-con-full e-flex e-con e-child\" data-id=\"ed7a962\" data-element_type=\"container\" data-e-type=\"container\" data-settings=\"{&quot;background_background&quot;:&quot;classic&quot;}\">\n\t\t\t\t<div class=\"elementor-element elementor-element-673ae5f elementor-widget elementor-widget-heading\" data-id=\"673ae5f\" data-element_type=\"widget\" data-e-type=\"widget\" data-widget_type=\"heading.default\">\n\t\t\t\t\t<h2 class=\"elementor-heading-title elementor-size-default\">COMMUNICATION<\/h2>\t\t\t\t<\/div>\n\t\t\t\t<div class=\"elementor-element elementor-element-4f93fd4 elementor-widget elementor-widget-text-editor\" data-id=\"4f93fd4\" data-element_type=\"widget\" data-e-type=\"widget\" data-widget_type=\"text-editor.default\">\n\t\t\t\t\t\t\t\t\t<p>Des supports de communication soign\u00e9s et con\u00e7us pour transmettre vos messages avec clart\u00e9\u00a0 et pr\u00e9cision.<\/p><p><a href=\"https:\/\/mochastudio.fr\/?page_id=2861\"><span style=\"text-decoration: underline;\"><strong>En savoir plus<\/strong><\/span><\/a><\/p>\t\t\t\t\t\t\t\t<\/div>\n\t\t\t\t<div class=\"elementor-element elementor-element-a3b804e elementor-widget elementor-widget-image\" data-id=\"a3b804e\" data-element_type=\"widget\" data-e-type=\"widget\" data-widget_type=\"image.default\">\n\t\t\t\t\t\t\t\t\t\t\t\t\t\t\t<img loading=\"lazy\" decoding=\"async\" width=\"1024\" height=\"683\" src=\"https:\/\/mochastudio.fr\/wp-content\/uploads\/2026\/01\/Free_Business_Card_Mockup_2-1024x683.jpg\" class=\"attachment-large size-large wp-image-2427\" alt=\"\" srcset=\"https:\/\/mochastudio.fr\/wp-content\/uploads\/2026\/01\/Free_Business_Card_Mockup_2-1024x683.jpg 1024w, https:\/\/mochastudio.fr\/wp-content\/uploads\/2026\/01\/Free_Business_Card_Mockup_2-300x200.jpg 300w, https:\/\/mochastudio.fr\/wp-content\/uploads\/2026\/01\/Free_Business_Card_Mockup_2-768x512.jpg 768w, https:\/\/mochastudio.fr\/wp-content\/uploads\/2026\/01\/Free_Business_Card_Mockup_2-1536x1024.jpg 1536w, https:\/\/mochastudio.fr\/wp-content\/uploads\/2026\/01\/Free_Business_Card_Mockup_2-2048x1366.jpg 2048w\" sizes=\"(max-width: 1024px) 100vw, 1024px\" \/>\t\t\t\t\t\t\t\t\t\t\t\t\t\t\t<\/div>\n\t\t\t\t<\/div>\n\t\t\t\t\t<\/div>\n\t\t\t\t<\/div>\n\t\t<div class=\"elementor-element elementor-element-57d5946 e-flex e-con-boxed e-con e-parent\" data-id=\"57d5946\" data-element_type=\"container\" data-e-type=\"container\">\n\t\t\t\t\t<div class=\"e-con-inner\">\n\t\t\t\t\t<\/div>\n\t\t\t\t<\/div>\n\t\t<div class=\"elementor-element elementor-element-aae9ca5 e-con-full e-flex e-con e-parent\" data-id=\"aae9ca5\" data-element_type=\"container\" data-e-type=\"container\">\n\t\t<div class=\"elementor-element elementor-element-5df35e8 e-con-full e-flex e-con e-child\" data-id=\"5df35e8\" data-element_type=\"container\" data-e-type=\"container\" data-settings=\"{&quot;background_background&quot;:&quot;classic&quot;}\">\n\t\t\t\t<div class=\"elementor-element elementor-element-8e1d53a elementor-widget elementor-widget-heading\" data-id=\"8e1d53a\" data-element_type=\"widget\" data-e-type=\"widget\" data-widget_type=\"heading.default\">\n\t\t\t\t\t<h2 class=\"elementor-heading-title elementor-size-default\">Besoin de plus d'informations ?<\/h2>\t\t\t\t<\/div>\n\t\t\t\t<div class=\"elementor-element elementor-element-11436be elementor-widget elementor-widget-text-editor\" data-id=\"11436be\" data-element_type=\"widget\" data-e-type=\"widget\" data-widget_type=\"text-editor.default\">\n\t\t\t\t\t\t\t\t\t<p>Contactez-moi pour discuter de votre projet ou pour toutes autres questions.<\/p>\t\t\t\t\t\t\t\t<\/div>\n\t\t\t\t<div class=\"elementor-element elementor-element-6eb59e1 e-transform elementor-widget elementor-widget-button\" data-id=\"6eb59e1\" data-element_type=\"widget\" data-e-type=\"widget\" data-settings=\"{&quot;_transform_scale_effect_hover&quot;:{&quot;unit&quot;:&quot;px&quot;,&quot;size&quot;:1.1,&quot;sizes&quot;:[]},&quot;_transform_scale_effect_hover_tablet&quot;:{&quot;unit&quot;:&quot;px&quot;,&quot;size&quot;:&quot;&quot;,&quot;sizes&quot;:[]},&quot;_transform_scale_effect_hover_mobile&quot;:{&quot;unit&quot;:&quot;px&quot;,&quot;size&quot;:&quot;&quot;,&quot;sizes&quot;:[]}}\" data-widget_type=\"button.default\">\n\t\t\t\t\t\t\t\t\t\t<a class=\"elementor-button elementor-button-link elementor-size-sm\" href=\"https:\/\/mochastudio.fr\/?page_id=24\">\n\t\t\t\t\t\t<span class=\"elementor-button-content-wrapper\">\n\t\t\t\t\t\t\t\t\t<span class=\"elementor-button-text\">Votre projet<\/span>\n\t\t\t\t\t<\/span>\n\t\t\t\t\t<\/a>\n\t\t\t\t\t\t\t\t<\/div>\n\t\t\t\t<\/div>\n\t\t\t\t<\/div>\n\t\t\t\t<\/div>\n\t\t","protected":false},"excerpt":{"rendered":"<p>J&rsquo;accompagne les marques dans la cr\u00e9ation d&rsquo;une identit\u00e9 forte et d&rsquo;un site web coh\u00e9rent, pens\u00e9s ensemble pour offrir une exp\u00e9rience [&hellip;]<\/p>\n","protected":false},"author":1,"featured_media":0,"parent":0,"menu_order":0,"comment_status":"closed","ping_status":"closed","template":"","meta":{"site-sidebar-layout":"no-sidebar","site-content-layout":"","ast-site-content-layout":"full-width-container","site-content-style":"default","site-sidebar-style":"default","ast-global-header-display":"","ast-banner-title-visibility":"","ast-main-header-display":"","ast-hfb-above-header-display":"","ast-hfb-below-header-display":"","ast-hfb-mobile-header-display":"","site-post-title":"disabled","ast-breadcrumbs-content":"","ast-featured-img":"disabled","footer-sml-layout":"","ast-disable-related-posts":"","theme-transparent-header-meta":"","adv-header-id-meta":"","stick-header-meta":"","header-above-stick-meta":"","header-main-stick-meta":"","header-below-stick-meta":"","astra-migrate-meta-layouts":"default","ast-page-background-enabled":"default","ast-page-background-meta":{"desktop":{"background-color":"var(--ast-global-color-5)","background-image":"","background-repeat":"repeat","background-position":"center center","background-size":"auto","background-attachment":"scroll","background-type":"","background-media":"","overlay-type":"","overlay-color":"","overlay-opacity":"","overlay-gradient":""},"tablet":{"background-color":"","background-image":"","background-repeat":"repeat","background-position":"center center","background-size":"auto","background-attachment":"scroll","background-type":"","background-media":"","overlay-type":"","overlay-color":"","overlay-opacity":"","overlay-gradient":""},"mobile":{"background-color":"","background-image":"","background-repeat":"repeat","background-position":"center center","background-size":"auto","background-attachment":"scroll","background-type":"","background-media":"","overlay-type":"","overlay-color":"","overlay-opacity":"","overlay-gradient":""}},"ast-content-background-meta":{"desktop":{"background-color":"var(--ast-global-color-4)","background-image":"","background-repeat":"repeat","background-position":"center center","background-size":"auto","background-attachment":"scroll","background-type":"","background-media":"","overlay-type":"","overlay-color":"","overlay-opacity":"","overlay-gradient":""},"tablet":{"background-color":"var(--ast-global-color-4)","background-image":"","background-repeat":"repeat","background-position":"center center","background-size":"auto","background-attachment":"scroll","background-type":"","background-media":"","overlay-type":"","overlay-color":"","overlay-opacity":"","overlay-gradient":""},"mobile":{"background-color":"var(--ast-global-color-4)","background-image":"","background-repeat":"repeat","background-position":"center center","background-size":"auto","background-attachment":"scroll","background-type":"","background-media":"","overlay-type":"","overlay-color":"","overlay-opacity":"","overlay-gradient":""}},"footnotes":""},"class_list":["post-14","page","type-page","status-publish","hentry"],"_links":{"self":[{"href":"https:\/\/mochastudio.fr\/index.php?rest_route=\/wp\/v2\/pages\/14","targetHints":{"allow":["GET"]}}],"collection":[{"href":"https:\/\/mochastudio.fr\/index.php?rest_route=\/wp\/v2\/pages"}],"about":[{"href":"https:\/\/mochastudio.fr\/index.php?rest_route=\/wp\/v2\/types\/page"}],"author":[{"embeddable":true,"href":"https:\/\/mochastudio.fr\/index.php?rest_route=\/wp\/v2\/users\/1"}],"replies":[{"embeddable":true,"href":"https:\/\/mochastudio.fr\/index.php?rest_route=%2Fwp%2Fv2%2Fcomments&post=14"}],"version-history":[{"count":1648,"href":"https:\/\/mochastudio.fr\/index.php?rest_route=\/wp\/v2\/pages\/14\/revisions"}],"predecessor-version":[{"id":3472,"href":"https:\/\/mochastudio.fr\/index.php?rest_route=\/wp\/v2\/pages\/14\/revisions\/3472"}],"wp:attachment":[{"href":"https:\/\/mochastudio.fr\/index.php?rest_route=%2Fwp%2Fv2%2Fmedia&parent=14"}],"curies":[{"name":"wp","href":"https:\/\/api.w.org\/{rel}","templated":true}]}}